{"id":16514,"date":"2020-05-28T13:11:28","date_gmt":"2020-05-28T16:11:28","guid":{"rendered":"http:\/\/beexecutive.com.br\/?page_id=16514"},"modified":"2020-07-14T11:29:50","modified_gmt":"2020-07-14T14:29:50","slug":"setores","status":"publish","type":"page","link":"https:\/\/beexecutive.com.br\/en\/setores\/","title":{"rendered":"FUNCTIONS"},"content":{"rendered":"<section   data-q_id=\"#portfolio\"    data-speed=\"1\" class=\"parallax_section_holder\" style = \" height:px; background-image:url('');\"><div class=\"parallax_content_full_width left\" ><div class='parallax_section_inner_margin clearfix'><div class=\"wpb_column vc_column_container vc_col-sm-12 vc_col-has-fill\"><div class=\"vc_column-inner vc_custom_1588568649608\"><div class=\"wpb_wrapper\"><div      class=\"vc_row wpb_row section vc_row-fluid vc_inner  grid_section\" style=' text-align:left;'><div class=\"section_inner clearfix\"><div class='section_inner_margin clearfix'><div class=\"wpb_column vc_column_container vc_col-sm-12\"><div class=\"vc_column-inner\"><div class=\"wpb_wrapper\"><div class=\"separator  transparent\" style=\"margin-top: 25px;margin-bottom: 18px;\"><\/div>\n\n\t<div class=\"wpb_text_column wpb_content_element\">\n\t\t<div class=\"wpb_wrapper\">\n\t\t\t<h1 style=\"text-align: center;\"><span style=\"color: #ffffff;\">FUNCTIONS<\/span><\/h1>\n\n\t\t<\/div> \n\t<\/div> <div class=\"separator  small center\" style=\"margin-top: 20px;margin-bottom: 20px;background-color: #931b1d;width: 135px;\"><\/div>\n<\/div><\/div><\/div><\/div><\/div><\/div><div      class=\"vc_row wpb_row section vc_row-fluid vc_inner  grid_section\" style=' text-align:left;'><div class=\"section_inner clearfix\"><div class='section_inner_margin clearfix'><div class=\"wpb_column vc_column_container vc_col-sm-12\"><div class=\"vc_column-inner\"><div class=\"wpb_wrapper\">\n\t<div class=\"wpb_text_column wpb_content_element\">\n\t\t<div class=\"wpb_wrapper\">\n\t\t\t<h3 style=\"color: #ffffff; font-size: 18px; line-height: 22px; text-align: center;\"><span style=\"color: #ffffff;\">Our in-depth knowledge of our partners' challenges enables us deliver end-to-end solutions,<br \/>\nidentify and attract select professionals, build strong corporate cultures and ensure bottom-line results in the following areas, among others:<\/span><\/h3>\n\n\t\t<\/div> \n\t<\/div> <div class=\"separator  transparent\" style=\"margin-top: 45px;margin-bottom: 18px;\"><\/div>\n<\/div><\/div><\/div><\/div><\/div><\/div><\/div><\/div><\/div><\/div><\/div><\/section><div      class=\"vc_row wpb_row section vc_row-fluid  vc_custom_1590684090049 grid_section\" style=' text-align:left;'><div class=\"section_inner clearfix\"><div class='section_inner_margin clearfix'><div class=\"wpb_column vc_column_container vc_col-sm-12\"><div class=\"vc_column-inner\"><div class=\"wpb_wrapper\">\t<div class=\"vc_empty_space\"  style=\"height: 15px\" ><span\n\t\t\tclass=\"vc_empty_space_inner\">\n\t\t\t<span class=\"empty_space_image\"  ><\/span>\n\t\t<\/span><\/div>\n\n<div      class=\"vc_row wpb_row section vc_row-fluid vc_inner\" style=' text-align:left;'><div class=\"full_section_inner clearfix\"><div class=\"wpb_column vc_column_container vc_col-sm-4\"><div class=\"vc_column-inner\"><div class=\"wpb_wrapper\"><div class=\"qode-banner qode-banner-va-center\"><div class=\"qode-banner-image\"><img decoding=\"async\" itemprop=\"image\" src=\"https:\/\/beexecutive.com.br\/wp-content\/uploads\/2020\/05\/financas.jpg\" alt=\"\" \/><\/div><div class=\"qode-banner-content\"><div class=\"qode-banner-content-inner\"><div class=\"qode-banner-text-holder\">\n<h3 style=\"text-align: center; font-weight: normal;\"><span style=\"color: #ffffff;\">FINANCE &amp;<\/span><br \/>\n<span style=\"color: #ffffff; font-weight: normal;\">ACCOUNTING<\/span><\/h3>\n<\/div><\/div><\/div><\/div><\/div><\/div><\/div><div class=\"wpb_column vc_column_container vc_col-sm-4\"><div class=\"vc_column-inner\"><div class=\"wpb_wrapper\"><div class=\"qode-banner qode-banner-va-center\"><div class=\"qode-banner-image\"><img decoding=\"async\" itemprop=\"image\" src=\"https:\/\/beexecutive.com.br\/wp-content\/uploads\/2020\/05\/engenharia.jpg\" alt=\"\" \/><\/div><div class=\"qode-banner-content\"><div class=\"qode-banner-content-inner\"><div class=\"qode-banner-text-holder\">\n<h3 style=\"text-align: center; font-weight: normal;\"><span style=\"color: #ffffff;\">ENGINEERING &amp;<\/span><br \/>\n<span style=\"color: #ffffff; font-weight: normal;\">OPERATIONS<\/span><\/h3>\n<\/div><\/div><\/div><\/div><\/div><\/div><\/div><div class=\"wpb_column vc_column_container vc_col-sm-4\"><div class=\"vc_column-inner\"><div class=\"wpb_wrapper\"><div class=\"qode-banner qode-banner-va-center\"><div class=\"qode-banner-image\"><img decoding=\"async\" itemprop=\"image\" src=\"https:\/\/beexecutive.com.br\/wp-content\/uploads\/2020\/05\/vendas.jpg\" alt=\"\" \/><\/div><div class=\"qode-banner-content\"><div class=\"qode-banner-content-inner\"><div class=\"qode-banner-text-holder\">\n<h3 style=\"text-align: center; font-weight: normal;\"><span style=\"color: #ffffff;\">SALES &amp;<\/span><br \/>\n<span style=\"color: #ffffff;\">MARKETING<\/span><\/h3>\n<\/div><\/div><\/div><\/div><\/div><\/div><\/div><\/div><\/div>\t<div class=\"vc_empty_space\"  style=\"height: 30px\" ><span\n\t\t\tclass=\"vc_empty_space_inner\">\n\t\t\t<span class=\"empty_space_image\"  ><\/span>\n\t\t<\/span><\/div>\n\n<div      class=\"vc_row wpb_row section vc_row-fluid vc_inner\" style=' text-align:left;'><div class=\"full_section_inner clearfix\"><div class=\"wpb_column vc_column_container vc_col-sm-4\"><div class=\"vc_column-inner\"><div class=\"wpb_wrapper\"><div class=\"qode-banner qode-banner-va-center\"><div class=\"qode-banner-image\"><img decoding=\"async\" itemprop=\"image\" src=\"https:\/\/beexecutive.com.br\/wp-content\/uploads\/2020\/05\/recursos-humanos.jpg\" alt=\"\" \/><\/div><div class=\"qode-banner-content\"><div class=\"qode-banner-content-inner\"><div class=\"qode-banner-text-holder\">\n<h3 style=\"text-align: center; font-weight: normal;\"><span style=\"color: #ffffff;\">HUMAN <\/span><br \/>\n<span style=\"color: #ffffff; font-weight: normal;\">RESOURSES<\/span><\/h3>\n<\/div><\/div><\/div><\/div><\/div><\/div><\/div><div class=\"wpb_column vc_column_container vc_col-sm-4\"><div class=\"vc_column-inner\"><div class=\"wpb_wrapper\"><div class=\"qode-banner qode-banner-va-center\"><div class=\"qode-banner-image\"><img decoding=\"async\" itemprop=\"image\" src=\"https:\/\/beexecutive.com.br\/wp-content\/uploads\/2020\/05\/logistica.jpg\" alt=\"\" \/><\/div><div class=\"qode-banner-content\"><div class=\"qode-banner-content-inner\"><div class=\"qode-banner-text-holder\">\n<h3 style=\"text-align: center; font-weight: normal;\"><span style=\"color: #ffffff;\">SUPPLY<\/span><br \/>\n<span style=\"color: #ffffff; font-weight: normal;\">CHAIN<\/span><\/h3>\n<\/div><\/div><\/div><\/div><\/div><\/div><\/div><div class=\"wpb_column vc_column_container vc_col-sm-4\"><div class=\"vc_column-inner\"><div class=\"wpb_wrapper\"><div class=\"qode-banner qode-banner-va-center\"><div class=\"qode-banner-image\"><img decoding=\"async\" itemprop=\"image\" src=\"https:\/\/beexecutive.com.br\/wp-content\/uploads\/2020\/05\/offshore.jpg\" alt=\"\" \/><\/div><div class=\"qode-banner-content\"><div class=\"qode-banner-content-inner\"><div class=\"qode-banner-text-holder\">\n<h3 style=\"text-align: center; font-weight: normal;\"><span style=\"color: #ffffff;\">OFFSHORE <\/span><\/h3>\n<\/div><\/div><\/div><\/div><\/div><\/div><\/div><\/div><\/div>\t<div class=\"vc_empty_space\"  style=\"height: 30px\" ><span\n\t\t\tclass=\"vc_empty_space_inner\">\n\t\t\t<span class=\"empty_space_image\"  ><\/span>\n\t\t<\/span><\/div>\n\n<div      class=\"vc_row wpb_row section vc_row-fluid vc_inner\" style=' text-align:left;'><div class=\"full_section_inner clearfix\"><div class=\"wpb_column vc_column_container vc_col-sm-4\"><div class=\"vc_column-inner\"><div class=\"wpb_wrapper\"><div class=\"qode-banner qode-banner-va-center\"><div class=\"qode-banner-image\"><img decoding=\"async\" itemprop=\"image\" src=\"https:\/\/beexecutive.com.br\/wp-content\/uploads\/2020\/05\/juridico.jpg\" alt=\"\" \/><\/div><div class=\"qode-banner-content\"><div class=\"qode-banner-content-inner\"><div class=\"qode-banner-text-holder\">\n<h3 style=\"text-align: center; font-weight: normal;\"><span style=\"color: #ffffff;\">LEGAL<\/span><\/h3>\n<\/div><\/div><\/div><\/div><\/div><\/div><\/div><div class=\"wpb_column vc_column_container vc_col-sm-4\"><div class=\"vc_column-inner\"><div class=\"wpb_wrapper\"><div class=\"qode-banner qode-banner-va-center\"><div class=\"qode-banner-image\"><img decoding=\"async\" itemprop=\"image\" src=\"https:\/\/beexecutive.com.br\/wp-content\/uploads\/2020\/05\/tributario.jpg\" alt=\"\" \/><\/div><div class=\"qode-banner-content\"><div class=\"qode-banner-content-inner\"><div class=\"qode-banner-text-holder\">\n<h3 style=\"text-align: center; font-weight: normal;\"><span style=\"color: #ffffff;\">TAX<\/span><\/h3>\n<\/div><\/div><\/div><\/div><\/div><\/div><\/div><div class=\"wpb_column vc_column_container vc_col-sm-4\"><div class=\"vc_column-inner\"><div class=\"wpb_wrapper\"><div class=\"qode-banner qode-banner-va-center\"><div class=\"qode-banner-image\"><img decoding=\"async\" itemprop=\"image\" src=\"https:\/\/beexecutive.com.br\/wp-content\/uploads\/2020\/05\/tecnologia-1.jpg\" alt=\"\" \/><\/div><div class=\"qode-banner-content\"><div class=\"qode-banner-content-inner\"><div class=\"qode-banner-text-holder\">\n<h3 style=\"text-align: center; font-weight: normal;\"><span style=\"color: #ffffff;\">TECHNOLOGY<\/span><\/h3>\n<\/div><\/div><\/div><\/div><\/div><\/div><\/div><\/div><\/div>\t<div class=\"vc_empty_space\"  style=\"height: 30px\" ><span\n\t\t\tclass=\"vc_empty_space_inner\">\n\t\t\t<span class=\"empty_space_image\"  ><\/span>\n\t\t<\/span><\/div>\n\n<\/div><\/div><\/div><\/div><\/div><\/div><div      class=\"vc_row wpb_row section vc_row-fluid  faixa-azul vc_custom_1593133494468 grid_section\" style='background-color:#212631; border-bottom: 1px solid #eeeeee; text-align:left;'><div class=\"section_inner clearfix\"><div class='section_inner_margin clearfix'><div class=\"wpb_column vc_column_container vc_col-sm-10\"><div class=\"vc_column-inner\"><div class=\"wpb_wrapper\">\n\t<div class=\"wpb_text_column wpb_content_element\">\n\t\t<div class=\"wpb_wrapper\">\n\t\t\t<h2><span style=\"color: #ffffff;\">Whether you are an executive looking for new opportunities or a company looking for new talent, contact us.<\/span><\/h2>\n\n\t\t<\/div> \n\t<\/div> <\/div><\/div><\/div><div class=\"wpb_column vc_column_container vc_col-sm-2\"><div class=\"vc_column-inner\"><div class=\"wpb_wrapper\"><a  itemprop=\"url\" href=\"https:\/\/beexecutive.com.br\/en\/envie-seu-cv\/\" target=\"_self\" data-hover-background-color='#930002'  class=\"qbutton  medium center default\" style=\"background-color: #931b1d;\">CLICK HERE<\/a><\/div><\/div><\/div><\/div><\/div><\/div>","protected":false},"excerpt":{"rendered":"SETORES Nosso profundo conhecimento dos desafios dos nossos parceiros nos permite entregar solu\u00e7\u00f5es integradas, construir culturas organizacionais de excel\u00eancia e garantir o atingimento de resultados nas seguintes \u00e1reas, dentre outras: FINAN\u00c7AS &amp; CONTABILIDADE ENGENHARIA &amp; OPERA\u00c7\u00d5ES VENDAS &amp; MARKETING RECURSOS...","protected":false},"author":1,"featured_media":0,"parent":0,"menu_order":0,"comment_status":"open","ping_status":"open","template":"full_width.php","meta":{"footnotes":""},"class_list":["post-16514","page","type-page","status-publish","hentry"],"_links":{"self":[{"href":"https:\/\/beexecutive.com.br\/en\/wp-json\/wp\/v2\/pages\/16514","targetHints":{"allow":["GET"]}}],"collection":[{"href":"https:\/\/beexecutive.com.br\/en\/wp-json\/wp\/v2\/pages"}],"about":[{"href":"https:\/\/beexecutive.com.br\/en\/wp-json\/wp\/v2\/types\/page"}],"author":[{"embeddable":true,"href":"https:\/\/beexecutive.com.br\/en\/wp-json\/wp\/v2\/users\/1"}],"replies":[{"embeddable":true,"href":"https:\/\/beexecutive.com.br\/en\/wp-json\/wp\/v2\/comments?post=16514"}],"version-history":[{"count":20,"href":"https:\/\/beexecutive.com.br\/en\/wp-json\/wp\/v2\/pages\/16514\/revisions"}],"predecessor-version":[{"id":16763,"href":"https:\/\/beexecutive.com.br\/en\/wp-json\/wp\/v2\/pages\/16514\/revisions\/16763"}],"wp:attachment":[{"href":"https:\/\/beexecutive.com.br\/en\/wp-json\/wp\/v2\/media?parent=16514"}],"curies":[{"name":"wp","href":"https:\/\/api.w.org\/{rel}","templated":true}]}}