{"id":16404,"date":"2020-05-08T02:58:09","date_gmt":"2020-05-08T05:58:09","guid":{"rendered":"http:\/\/beexecutive.com.br\/?page_id=16404"},"modified":"2020-06-19T14:03:24","modified_gmt":"2020-06-19T17:03:24","slug":"envie-seu-cv","status":"publish","type":"page","link":"https:\/\/beexecutive.com.br\/en\/envie-seu-cv\/","title":{"rendered":"SEND YOUR RESUME"},"content":{"rendered":"<div      class=\"vc_row wpb_row section vc_row-fluid  vc_custom_1588917925819\" style='background-color:#f8f8f8; text-align:left;'><div class=\"full_section_inner clearfix\"><div class=\"wpb_column vc_column_container vc_col-sm-12\"><div class=\"vc_column-inner\"><div class=\"wpb_wrapper\"><div      class=\"vc_row wpb_row section vc_row-fluid vc_inner  grid_section\" style=' text-align:left;'><div class=\"section_inner clearfix\"><div class='section_inner_margin clearfix'><div class=\"wpb_column vc_column_container vc_col-sm-6\"><div class=\"vc_column-inner vc_custom_1592586203813\"><div class=\"wpb_wrapper\"><div class=\"separator  transparent\" style=\"margin-top: 10px;\"><\/div>\n\n\t<div class=\"wpb_text_column wpb_content_element\">\n\t\t<div class=\"wpb_wrapper\">\n\t\t\t<h1 style=\"text-align: left;\"><span style=\"color: #303030;\">I'M A CANDIDATE<\/span><\/h1>\n\n\t\t<\/div> \n\t<\/div> <div class=\"separator  small left\" style=\"margin-top: 10px;margin-bottom: 20px;background-color: #931b1d;width: 90px;\"><\/div>\n\n\t<div class=\"wpb_text_column wpb_content_element\">\n\t\t<div class=\"wpb_wrapper\">\n\t\t\t<h3>If you are an executive looking for a new opportunity or are simply interested in keeping your career on track, we invite you to register with us.<\/h3>\n<p>&nbsp;<\/p>\n<h3>As a first step in identifying potentially qualified candidates for a search assignment, we initially searched our own database. Note that we will contact you only if an opportunity meets your track record and expectations. Please be aware that we will treat your resume with complete confidentiality.<\/h3>\n<p>&nbsp;<\/p>\n<h3>Integrity in our interactions with candidates is a core value of our company. Therefore, you can be assured that we will never share your details with a customer without your prior consent.<\/h3>\n\n\t\t<\/div> \n\t<\/div> <div class=\"separator  transparent\" style=\"margin-top: 40px;\"><\/div>\n\n\t<div class=\"wpb_text_column wpb_content_element\">\n\t\t<div class=\"wpb_wrapper\">\n\t\t\t<h1 style=\"text-align: left;\"><span style=\"color: #303030;\">I'M A BUSINESS<\/span><\/h1>\n\n\t\t<\/div> \n\t<\/div> <div class=\"separator  small left\" style=\"margin-top: 10px;margin-bottom: 20px;background-color: #931b1d;width: 90px;\"><\/div>\n\n\t<div class=\"wpb_text_column wpb_content_element\">\n\t\t<div class=\"wpb_wrapper\">\n\t\t\t<h3>We will be delighted to hear and collaborate with your company's strategy, whether it be in acquiring new talent, restructuring or market mapping.<\/h3>\n<p>&nbsp;<\/p>\n<h3>As a first step in our partnership, we appreciate informing you how we can make a difference together by filling out the form below. Please be aware that we will treat your contact with complete confidentiality.<\/h3>\n<p>&nbsp;<\/p>\n<h3>Integrity in our interactions with customers is a core value of our company. Therefore, you can be assured that we will never share the details about our partnership without your prior consent.<\/h3>\n\n\t\t<\/div> \n\t<\/div> <\/div><\/div><\/div><div class=\"coluna-cv wpb_column vc_column_container vc_col-sm-6 vc_col-has-fill\"><div class=\"vc_column-inner vc_custom_1588918144130\"><div class=\"wpb_wrapper\">\n\t<div class=\"wpb_text_column wpb_content_element\">\n\t\t<div class=\"wpb_wrapper\">\n\t\t\t<h2 style=\"text-align: left; font-size: 20px;\"><strong><span style=\"color: #303030;\">CONTACT US<\/span><\/strong><\/h2>\n\n\t\t<\/div> \n\t<\/div> <div class=\"separator  transparent\" style=\"margin-top: 10px;\"><\/div>\n<div class=\"qode-advanced-tabs qode-advanced-tabs qode-advanced-horizontal-tab clearfix qode-advanced-tab-without-icon qode-advanced-tabs-column-2 clearfix\">\n\t<ul class=\"qode-advanced-tabs-nav\">\n\t\t\t\t\t<li>\n\t\t\t\t<h2>\n\t\t\t\t\t<a href=\"#tab-sou-candidato\">\n\t\t\t\t\t\t\n\t\t\t\t\t\t\t\t\t\t\t\t\t<span class=\"qode-advanced-tab-text-after-icon\">\n\t\t\t\t\t\t\t\tI'm a candidate\t\t\t\t\t\t\t<\/span>\n\t\t\t\t\t\t\t\t\t\t\t<\/a>\n\t\t\t\t<\/h2>\n\t\t\t<\/li>\n\t\t\t\t\t<li>\n\t\t\t\t<h2>\n\t\t\t\t\t<a href=\"#tab-sou-empresa\">\n\t\t\t\t\t\t\n\t\t\t\t\t\t\t\t\t\t\t\t\t<span class=\"qode-advanced-tab-text-after-icon\">\n\t\t\t\t\t\t\t\tI'm a business\t\t\t\t\t\t\t<\/span>\n\t\t\t\t\t\t\t\t\t\t\t<\/a>\n\t\t\t\t<\/h2>\n\t\t\t<\/li>\n\t\t\t<\/ul>\n\t<div class=\"qode-advanced-tab-container\" id=\"tab-sou-candidato-707\" data-icon-pack=\"\" data-icon-html=\"\">\n<div class=\"wpcf7 no-js\" id=\"wpcf7-f16401-o1\" lang=\"pt-BR\" dir=\"ltr\">\n<div class=\"screen-reader-response\"><p role=\"status\" aria-live=\"polite\" aria-atomic=\"true\"><\/p> <ul><\/ul><\/div>\n<form action=\"\/en\/wp-json\/wp\/v2\/pages\/16404#wpcf7-f16401-o1\" method=\"post\" class=\"wpcf7-form init default\" aria-label=\"Formul\u00e1rios de contato\" enctype=\"multipart\/form-data\" novalidate=\"novalidate\" data-status=\"init\" data-trp-original-action=\"\/en\/wp-json\/wp\/v2\/pages\/16404#wpcf7-f16401-o1\">\n<div style=\"display: none;\">\n<input type=\"hidden\" name=\"_wpcf7\" value=\"16401\" \/>\n<input type=\"hidden\" name=\"_wpcf7_version\" value=\"5.7.6\" \/>\n<input type=\"hidden\" name=\"_wpcf7_locale\" value=\"pt_BR\" \/>\n<input type=\"hidden\" name=\"_wpcf7_unit_tag\" value=\"wpcf7-f16401-o1\" \/>\n<input type=\"hidden\" name=\"_wpcf7_container_post\" value=\"0\" \/>\n<input type=\"hidden\" name=\"_wpcf7_posted_data_hash\" value=\"\" \/>\n<\/div>\n<p><label> NAME<br \/>\n<span class=\"wpcf7-form-control-wrap\" data-name=\"nome\"><input size=\"40\" class=\"wpcf7-form-control wpcf7-text wpcf7-validates-as-required\" aria-required=\"true\" aria-invalid=\"false\" value=\"\" type=\"text\" name=\"nome\" \/><\/span> <\/label>\n<\/p>\n<p><label> E-MAIL*<br \/>\n<span class=\"wpcf7-form-control-wrap\" data-name=\"email\"><input size=\"40\" class=\"wpcf7-form-control wpcf7-text wpcf7-email wpcf7-validates-as-required wpcf7-validates-as-email\" aria-required=\"true\" aria-invalid=\"false\" value=\"\" type=\"email\" name=\"email\" \/><\/span> <\/label>\n<\/p>\n<p><label> MESSAGE<br \/>\n<span class=\"wpcf7-form-control-wrap\" data-name=\"mensagem\"><textarea cols=\"40\" rows=\"10\" class=\"wpcf7-form-control wpcf7-textarea\" aria-invalid=\"false\" name=\"mensagem\"><\/textarea><\/span> <\/label>\n<\/p>\n<p><span class=\"wpcf7-form-control-wrap\" data-name=\"aceito-os-termos-e-condicoes\"><span class=\"wpcf7-form-control wpcf7-acceptance\"><span class=\"wpcf7-list-item\"><label><input type=\"checkbox\" name=\"aceito-os-termos-e-condicoes\" value=\"1\" class=\"aceitar\" aria-invalid=\"false\" \/><span class=\"wpcf7-list-item-label\">I have read and accept the <a href=\"#abrirModal\">Terms &amp; Conditions<\/a> presented.<\/span><\/label><\/span><\/span><\/span>\n<\/p>\n<p><span class=\"wpcf7-form-control-wrap\" data-name=\"curriculo\"><input size=\"40\" class=\"wpcf7-form-control wpcf7-file btn-envie-seu-cv\" id=\"enviar-cv\" accept=\".doc,.docx,.pdf,.jpg,.txt\" aria-invalid=\"false\" type=\"file\" name=\"curriculo\" \/><\/span>\n<\/p>\n\n<!-- <label class=\"envie-seu-cv\" for=\"enviar-cv\">Envie seu CV<\/label> -->\n<p><input class=\"wpcf7-form-control has-spinner wpcf7-submit\" type=\"submit\" value=\"SEND\" \/>\n<\/p>\n<div id=\"abrirModal\" class=\"modal\">\n <!-- <a href=\"#fechar\" title=\"Fechar\" class=\"fechar\">x<\/a> -->\n\t<h1>Terms &amp; Conditions\n\t<\/h1>\n\t<h3>I declare, for the due purposes, that I am responsible for the accuracy of the information provided by me through this website. I inform that I authorize Bullseye Executive Search (\u201cBullseye\u201d) to represent me and provide my professional information, as well as my photos published on my professional social network (LinkedIn) to its clients whenever there is a job opportunity aligned with my professional profile.\n\t<\/h3>\n\t<h3>I declare with respect to the General Data Protection Law No. 13,709, of August 14, 2018, which provides for the protection of personal data, hereinafter \u201cLGPD\u201d, that Bullseye will have full freedom to treat my personal and professional data presented in this form as well as on my LinkedIn profile.\n\t<\/h3>\n\t<h3 style=\"margin-bottom: 30px;\">I further declare that I am aware that, if it is in my interest to revoke the present permission given expressly, I must also do so expressly by directing such request to Bullseye, which, in turn, will have the deadlines defined in Law to eliminate my personal data.\n\t<\/h3>\n\t<p><a href=\"#fechar\" title=\"Accept the Terms and Conditions\" class=\"aceitar\">Accept<\/a>\n\t<\/p>\n<\/div><p style=\"display: none !important;\"><label>&#916;<textarea name=\"_wpcf7_ak_hp_textarea\" cols=\"45\" rows=\"8\" maxlength=\"100\"><\/textarea><\/label><input type=\"hidden\" id=\"ak_js_1\" name=\"_wpcf7_ak_js\" value=\"58\"\/><script>document.getElementById( \"ak_js_1\" ).setAttribute( \"value\", ( new Date() ).getTime() );<\/script><\/p><div class=\"wpcf7-response-output\" aria-hidden=\"true\"><\/div>\n<input type=\"hidden\" name=\"trp-form-language\" value=\"en\"\/><\/form>\n<\/div>\n\n\t<div class=\"wpb_raw_code wpb_content_element wpb_raw_html modal\" id=\"abrirModal\">\n\t\t<div class=\"wpb_wrapper\">\n\t\t\t<style>\n\/* Modal *\/\n@media (max-width: 1366px) {\n   .modal {\n    width: 70%;\n    left: 155px !important;\n    }\n}\n\n@media (min-width: 1500px) {\n    .modal {\n    width: 70%;\n    height: 400px;\n    }\n}\n\n@media (max-width: 719px) {\n    #abrirModal {\n    left: 0 !important;\n    right: 0 !important;\n    width: auto;\n    height: 400px;\n    overflow: auto;\n    }\n\n    .title.title_size_small.position_left {\n    z-index: -1;\n    margin-top: 0;\n    }\n\n    a.aceitar {\n    font-size: 10px;\n    }\n}\n\n.modal {\n    position: fixed;\n    top: 140px;\n    right: 0;\n    bottom: 0;\n    margin-bottom: 50px;\n    margin-left: 30px;\n    margin-right: 30px;\n    left: 230px;\n    padding: 40px;\n    font-family: Arial, Helvetica, sans-serif;\n    background: rgb(255, 255, 255);\n    border: 1px solid #f8f8f8;\n    z-index: 99999;\n    opacity: 0;\n    -webkit-transition: opacity 400ms ease-in;\n    -moz-transition: opacity 400ms ease-in;\n    transition: opacity 400ms ease-in;\n    pointer-events: none;\n    overflow: auto;\n}\n\n.modal:target {\n  opacity: 1;\n  pointer-events: auto;\n}\n\n.modal > div {\n  width: 400px;\n  position: relative;\n  margin: 10% auto;\n  padding: 15px 20px;\n  background: #fff;\n}\n\n.fechar {\n    position: absolute;\n    width: 30px;\n    top: 20px;\n    right: 15px;\n    text-align: center;\n    line-height: 30px;\n    margin-top: 5px;\n    background: #ff4545;\n    border-radius: 50%;\n    font-size: 16px;\n    color: #8d0000;\n}\n\na.aceitar {\n    padding: 10px 30px;\n    background: green;\n    color: #fff;\n    text-transform: uppercase;\n}\n\n#abrirModal h1 {\n    color: #303030;\n    text-align: center;\n    text-transform: uppercase;\n    margin-bottom: 30px;\n}\n\n#abrirModal h3 {\n    margin-bottom: 20px;\n    text-align: left;\n}\n\n#abrirModal {\n    text-align: center;\n}\n\n.vc_custom_1588919296758, .faixa-azul {\n    z-index: 0;\n}\n\nfooter {\n    z-index: -1;\n}\n<\/style>\n\n\t\t<\/div>\n\t<\/div>\n<\/div><div class=\"qode-advanced-tab-container\" id=\"tab-sou-empresa-41\" data-icon-pack=\"\" data-icon-html=\"\">\n<div class=\"wpcf7 no-js\" id=\"wpcf7-f16108-o2\" lang=\"pt-BR\" dir=\"ltr\">\n<div class=\"screen-reader-response\"><p role=\"status\" aria-live=\"polite\" aria-atomic=\"true\"><\/p> <ul><\/ul><\/div>\n<form action=\"\/en\/wp-json\/wp\/v2\/pages\/16404#wpcf7-f16108-o2\" method=\"post\" class=\"wpcf7-form init default\" aria-label=\"Formul\u00e1rios de contato\" novalidate=\"novalidate\" data-status=\"init\" data-trp-original-action=\"\/en\/wp-json\/wp\/v2\/pages\/16404#wpcf7-f16108-o2\">\n<div style=\"display: none;\">\n<input type=\"hidden\" name=\"_wpcf7\" value=\"16108\" \/>\n<input type=\"hidden\" name=\"_wpcf7_version\" value=\"5.7.6\" \/>\n<input type=\"hidden\" name=\"_wpcf7_locale\" value=\"pt_BR\" \/>\n<input type=\"hidden\" name=\"_wpcf7_unit_tag\" value=\"wpcf7-f16108-o2\" \/>\n<input type=\"hidden\" name=\"_wpcf7_container_post\" value=\"0\" \/>\n<input type=\"hidden\" name=\"_wpcf7_posted_data_hash\" value=\"\" \/>\n<\/div>\n<p><label> NAME<br \/>\n<span class=\"wpcf7-form-control-wrap\" data-name=\"nome\"><input size=\"40\" class=\"wpcf7-form-control wpcf7-text wpcf7-validates-as-required\" aria-required=\"true\" aria-invalid=\"false\" value=\"\" type=\"text\" name=\"nome\" \/><\/span> <\/label>\n<\/p>\n<p><label> E-MAIL*<br \/>\n<span class=\"wpcf7-form-control-wrap\" data-name=\"email\"><input size=\"40\" class=\"wpcf7-form-control wpcf7-text wpcf7-email wpcf7-validates-as-required wpcf7-validates-as-email\" aria-required=\"true\" aria-invalid=\"false\" value=\"\" type=\"email\" name=\"email\" \/><\/span> <\/label>\n<\/p>\n<p><label> MESSAGE<br \/>\n<span class=\"wpcf7-form-control-wrap\" data-name=\"mensagem\"><textarea cols=\"40\" rows=\"10\" class=\"wpcf7-form-control wpcf7-textarea wpcf7-validates-as-required\" aria-required=\"true\" aria-invalid=\"false\" name=\"mensagem\"><\/textarea><\/span> <\/label>\n<\/p>\n<p><input class=\"wpcf7-form-control has-spinner wpcf7-submit\" type=\"submit\" value=\"SEND\" \/>\n<\/p><p style=\"display: none !important;\"><label>&#916;<textarea name=\"_wpcf7_ak_hp_textarea\" cols=\"45\" rows=\"8\" maxlength=\"100\"><\/textarea><\/label><input type=\"hidden\" id=\"ak_js_2\" name=\"_wpcf7_ak_js\" value=\"133\"\/><script>document.getElementById( \"ak_js_2\" ).setAttribute( \"value\", ( new Date() ).getTime() );<\/script><\/p><div class=\"wpcf7-response-output\" aria-hidden=\"true\"><\/div>\n<input type=\"hidden\" name=\"trp-form-language\" value=\"en\"\/><\/form>\n<\/div>\n<\/div><\/div><\/div><\/div><\/div><\/div><\/div><\/div><\/div><\/div><\/div><\/div><\/div><div      class=\"vc_row wpb_row section vc_row-fluid  vc_custom_1588919296758 grid_section\" style=' text-align:left;'><div class=\"section_inner clearfix\"><div class='section_inner_margin clearfix'><div class=\"wpb_column vc_column_container vc_col-sm-6\"><div class=\"vc_column-inner\"><div class=\"wpb_wrapper\">\n\t<div class=\"wpb_text_column wpb_content_element\">\n\t\t<div class=\"wpb_wrapper\">\n\t\t\t<h1 style=\"text-align: left;\"><strong><span style=\"color: #303030;\">WHERE WE ARE<\/span><\/strong><\/h1>\n\n\t\t<\/div> \n\t<\/div> <div class=\"separator  transparent\" style=\"margin-top: 10px;margin-bottom: 10px;\"><\/div>\n\n\t<div class=\"wpb_text_column wpb_content_element\">\n\t\t<div class=\"wpb_wrapper\">\n\t\t\t<h3>Rua Visconde de Inha\u00fama, 83<br \/>\n17\u00ba and 18\u00ba floor | Centro<br \/>\nRio de Janeiro | RJ | 20091 007<br \/>\nPhone: + 55 21 3799 4172<\/h3>\n\n\t\t<\/div> \n\t<\/div> <\/div><\/div><\/div><div class=\"wpb_column vc_column_container vc_col-sm-6\"><div class=\"vc_column-inner\"><div class=\"wpb_wrapper\"><\/div><\/div><\/div><\/div><\/div><\/div><div      class=\"vc_row wpb_row section vc_row-fluid  faixa-azul vc_custom_1590721056546 grid_section\" style='background-color:#212631; border-bottom: 1px solid #eeeeee; padding-top:30px; padding-bottom:30px; text-align:left;'><div class=\"section_inner clearfix\"><div class='section_inner_margin clearfix'><div class=\"wpb_column vc_column_container vc_col-sm-10\"><div class=\"vc_column-inner\"><div class=\"wpb_wrapper\">\n\t<div class=\"wpb_text_column wpb_content_element\">\n\t\t<div class=\"wpb_wrapper\">\n\t\t\t<h2><span style=\"color: #ffffff;\">Whether you are an executive looking for new opportunities or a company looking for new talent, contact us.<\/span><\/h2>\n\n\t\t<\/div> \n\t<\/div> <\/div><\/div><\/div><div class=\"wpb_column vc_column_container vc_col-sm-2\"><div class=\"vc_column-inner\"><div class=\"wpb_wrapper\"><a  itemprop=\"url\" href=\"#\" target=\"_self\" data-hover-background-color='#930002'  class=\"qbutton  small center default\" style=\"background-color: #931b1d;\">CLICK HERE<\/a><\/div><\/div><\/div><\/div><\/div><\/div>","protected":false},"excerpt":{"rendered":"SOU CANDIDATO Se voc\u00ea \u00e9 um executivo em busca de uma nova oportunidade ou est\u00e1 simplesmente interessado em manter sua carreira no caminho certo, convidamos voc\u00ea a se registrar conosco. &nbsp; Como uma primeira etapa na identifica\u00e7\u00e3o de candidatos potencialmente...","protected":false},"author":1,"featured_media":0,"parent":0,"menu_order":0,"comment_status":"open","ping_status":"open","template":"full_width.php","meta":{"footnotes":""},"class_list":["post-16404","page","type-page","status-publish","hentry"],"_links":{"self":[{"href":"https:\/\/beexecutive.com.br\/en\/wp-json\/wp\/v2\/pages\/16404","targetHints":{"allow":["GET"]}}],"collection":[{"href":"https:\/\/beexecutive.com.br\/en\/wp-json\/wp\/v2\/pages"}],"about":[{"href":"https:\/\/beexecutive.com.br\/en\/wp-json\/wp\/v2\/types\/page"}],"author":[{"embeddable":true,"href":"https:\/\/beexecutive.com.br\/en\/wp-json\/wp\/v2\/users\/1"}],"replies":[{"embeddable":true,"href":"https:\/\/beexecutive.com.br\/en\/wp-json\/wp\/v2\/comments?post=16404"}],"version-history":[{"count":57,"href":"https:\/\/beexecutive.com.br\/en\/wp-json\/wp\/v2\/pages\/16404\/revisions"}],"predecessor-version":[{"id":16720,"href":"https:\/\/beexecutive.com.br\/en\/wp-json\/wp\/v2\/pages\/16404\/revisions\/16720"}],"wp:attachment":[{"href":"https:\/\/beexecutive.com.br\/en\/wp-json\/wp\/v2\/media?parent=16404"}],"curies":[{"name":"wp","href":"https:\/\/api.w.org\/{rel}","templated":true}]}}