{"id":16368,"date":"2020-05-08T01:50:12","date_gmt":"2020-05-08T04:50:12","guid":{"rendered":"http:\/\/beexecutive.com.br\/?page_id=16368"},"modified":"2020-06-25T22:07:59","modified_gmt":"2020-06-26T01:07:59","slug":"desenvolvimento-de-produtos","status":"publish","type":"page","link":"https:\/\/beexecutive.com.br\/en\/desenvolvimento-de-produtos\/","title":{"rendered":"PRODUCT DEVELOPMENT"},"content":{"rendered":"<section   data-q_id=\"#portfolio\"    data-speed=\"1\" class=\"parallax_section_holder\" style = \" height:px; background-image:url('');\"><div class=\"parallax_content_full_width left\" ><div class='parallax_section_inner_margin clearfix'><div class=\"wpb_column vc_column_container vc_col-sm-12 vc_col-has-fill\"><div class=\"vc_column-inner vc_custom_1588568649608\"><div class=\"wpb_wrapper\"><div      class=\"vc_row wpb_row section vc_row-fluid vc_inner  grid_section\" style=' text-align:left;'><div class=\"section_inner clearfix\"><div class='section_inner_margin clearfix'><div class=\"wpb_column vc_column_container vc_col-sm-12\"><div class=\"vc_column-inner\"><div class=\"wpb_wrapper\"><div class=\"separator  transparent\" style=\"margin-top: 25px;margin-bottom: 18px;\"><\/div>\n\n\t<div class=\"wpb_text_column wpb_content_element\">\n\t\t<div class=\"wpb_wrapper\">\n\t\t\t<h1 style=\"text-align: center;\"><span style=\"color: #ffffff;\">MARKET MAPPING<\/span><\/h1>\n\n\t\t<\/div> \n\t<\/div> <div class=\"separator  small center\" style=\"margin-top: 20px;margin-bottom: 20px;background-color: #931b1d;width: 135px;\"><\/div>\n<\/div><\/div><\/div><\/div><\/div><\/div><div      class=\"vc_row wpb_row section vc_row-fluid vc_inner  grid_section\" style=' text-align:left;'><div class=\"section_inner clearfix\"><div class='section_inner_margin clearfix'><div class=\"wpb_column vc_column_container vc_col-sm-12\"><div class=\"vc_column-inner\"><div class=\"wpb_wrapper\">\n\t<div class=\"wpb_text_column wpb_content_element\">\n\t\t<div class=\"wpb_wrapper\">\n\t\t\t<h3 style=\"color: #ffffff; font-size: 18px; line-height: 22px; text-align: center;\"><span style=\"color: #ffffff;\">The corporate environment and business are increasingly dynamic and competitive, innovating and changing all the time. Right now, an analytical and sustainable strategy is undoubtedly a powerful tool for gaining scale and competitive advantage in this process.<\/span><\/h3>\n<p>&nbsp;<\/p>\n<h3 style=\"text-align: center;\"><span style=\"color: #ffffff;\">Whether opening new offices, creating a new line of business or even launching a large project, the need to make an accurate diagnosis of the market and the new organizational structure are key to charting professional profiles and trends.<\/span><\/h3>\n\n\t\t<\/div> \n\t<\/div> <div class=\"separator  transparent\" style=\"margin-top: 45px;margin-bottom: 18px;\"><\/div>\n<\/div><\/div><\/div><\/div><\/div><\/div><\/div><\/div><\/div><\/div><\/div><\/section><div      class=\"vc_row wpb_row section vc_row-fluid  vc_custom_1588738701718\" style=' text-align:left;'><div class=\"full_section_inner clearfix\"><div class=\"wpb_column vc_column_container vc_col-sm-12\"><div class=\"vc_column-inner\"><div class=\"wpb_wrapper\"><div      class=\"vc_row wpb_row section vc_row-fluid vc_inner  grid_section\" style=' text-align:left;'><div class=\"section_inner clearfix\"><div class='section_inner_margin clearfix'><div class=\"wpb_column vc_column_container vc_col-sm-6\"><div class=\"vc_column-inner\"><div class=\"wpb_wrapper\">\n\t<div class=\"wpb_single_image wpb_content_element vc_align_left\">\n\t\t<div class=\"wpb_wrapper\">\n\t\t\t\n\t\t\t<div class=\"vc_single_image-wrapper   vc_box_border_grey\"><img loading=\"lazy\" decoding=\"async\" width=\"535\" height=\"276\" src=\"https:\/\/beexecutive.com.br\/wp-content\/uploads\/2020\/05\/foto1.jpg\" class=\"vc_single_image-img attachment-full\" alt=\"\" srcset=\"https:\/\/beexecutive.com.br\/wp-content\/uploads\/2020\/05\/foto1.jpg 535w, https:\/\/beexecutive.com.br\/wp-content\/uploads\/2020\/05\/foto1-300x155.jpg 300w\" sizes=\"auto, (max-width: 535px) 100vw, 535px\" \/><\/div>\n\t\t<\/div>\n\t<\/div>\n<\/div><\/div><\/div><div class=\"wpb_column vc_column_container vc_col-sm-6\"><div class=\"vc_column-inner\"><div class=\"wpb_wrapper\">\n\t<div class=\"wpb_text_column wpb_content_element\">\n\t\t<div class=\"wpb_wrapper\">\n\t\t\t<h3 style=\"color: #303030; margin-bottom: 15px;\">We develop customized projects to support companies that are:<\/h3>\n<h3 style=\"color: #303030; margin-bottom: 15px;\">\u2022<strong> Building<\/strong> their position and salary plan<\/h3>\n<h3 style=\"color: #303030; margin-bottom: 15px;\">\u2022 <strong>Developing<\/strong> or improving their succession plan, a process of organizational change or startup;<\/h3>\n<h3 style=\"color: #303030; margin-bottom: 15px;\">\u2022 <strong>Providing<\/strong> an alignment between people management and strategic management.<\/h3>\n\n\t\t<\/div> \n\t<\/div> <\/div><\/div><\/div><\/div><\/div><\/div><\/div><\/div><\/div><\/div><\/div><div      class=\"vc_row wpb_row section vc_row-fluid  vc_custom_1588738710449\" style='background-color:#f8f8f8; text-align:left;'><div class=\"full_section_inner clearfix\"><div class=\"wpb_column vc_column_container vc_col-sm-12\"><div class=\"vc_column-inner\"><div class=\"wpb_wrapper\"><div      class=\"vc_row wpb_row section vc_row-fluid vc_inner  grid_section\" style=' text-align:left;'><div class=\"section_inner clearfix\"><div class='section_inner_margin clearfix'><div class=\"wpb_column vc_column_container vc_col-sm-2\"><div class=\"vc_column-inner\"><div class=\"wpb_wrapper\"><\/div><\/div><\/div><div class=\"wpb_column vc_column_container vc_col-sm-8\"><div class=\"vc_column-inner\"><div class=\"wpb_wrapper\"><div class=\"separator  transparent\" style=\"margin-top: 10px;\"><\/div>\n\n\t<div class=\"wpb_text_column wpb_content_element\">\n\t\t<div class=\"wpb_wrapper\">\n\t\t\t<h1 style=\"text-align: center;\"><strong><span style=\"color: #303030;\">SALARY SURVEYS<\/span><\/strong><\/h1>\n\n\t\t<\/div> \n\t<\/div> <div class=\"separator  small center\" style=\"margin-top: 10px;margin-bottom: 20px;background-color: #931b1d;width: 90px;\"><\/div>\n\n\t<div class=\"wpb_text_column wpb_content_element\">\n\t\t<div class=\"wpb_wrapper\">\n\t\t\t<h3 style=\"color: #303030; margin-bottom: 15px; text-align: center;\">Wage mapping is a key management tool. <strong>Bullseye Executive Search<\/strong> conducts unique salary surveys by industry and segment, and supports organizations with greater clarity about market practices and assertiveness in talent acquisition and financial planning.<\/h3>\n\n\t\t<\/div> \n\t<\/div> <\/div><\/div><\/div><div class=\"wpb_column vc_column_container vc_col-sm-2\"><div class=\"vc_column-inner\"><div class=\"wpb_wrapper\"><\/div><\/div><\/div><\/div><\/div><\/div><\/div><\/div><\/div><\/div><\/div><div      class=\"vc_row wpb_row section vc_row-fluid  vc_custom_1589850993323\" style=' text-align:left;'><div class=\"full_section_inner clearfix\"><div class=\"wpb_column vc_column_container vc_col-sm-12\"><div class=\"vc_column-inner\"><div class=\"wpb_wrapper\"><div      class=\"vc_row wpb_row section vc_row-fluid vc_inner  grid_section\" style=' text-align:left;'><div class=\"section_inner clearfix\"><div class='section_inner_margin clearfix'><div class=\"wpb_column vc_column_container vc_col-sm-2\"><div class=\"vc_column-inner\"><div class=\"wpb_wrapper\"><\/div><\/div><\/div><div class=\"wpb_column vc_column_container vc_col-sm-8\"><div class=\"vc_column-inner\"><div class=\"wpb_wrapper\"><div class=\"separator  transparent\" style=\"margin-top: 10px;\"><\/div>\n\n\t<div class=\"wpb_text_column wpb_content_element\">\n\t\t<div class=\"wpb_wrapper\">\n\t\t\t<h1 style=\"text-align: center;\"><span style=\"color: #303030;\">LEADERSHIP DEVELOPMENT<\/span><\/h1>\n\n\t\t<\/div> \n\t<\/div> <div class=\"separator  small center\" style=\"margin-top: 10px;margin-bottom: 20px;background-color: #931b1d;width: 90px;\"><\/div>\n\n\t<div class=\"wpb_text_column wpb_content_element\">\n\t\t<div class=\"wpb_wrapper\">\n\t\t\t<h3 style=\"color: #303030; margin-bottom: 15px; text-align: center;\">We don\u2019t just find people \u2013 we help clients make the right organisational decisions about their people at moments of strategic importance. We set new leaders up for success, optimize team effectiveness, evaluate and evolve their organizational cultures.<\/h3>\n\n\t\t<\/div> \n\t<\/div> <\/div><\/div><\/div><div class=\"wpb_column vc_column_container vc_col-sm-2\"><div class=\"vc_column-inner\"><div class=\"wpb_wrapper\"><\/div><\/div><\/div><\/div><\/div><\/div><\/div><\/div><\/div><\/div><\/div><div      class=\"vc_row wpb_row section vc_row-fluid  faixa-azul vc_custom_1593133676175 grid_section\" style='background-color:#212631; border-bottom: 1px solid #eeeeee; text-align:left;'><div class=\"section_inner clearfix\"><div class='section_inner_margin clearfix'><div class=\"wpb_column vc_column_container vc_col-sm-10\"><div class=\"vc_column-inner\"><div class=\"wpb_wrapper\">\n\t<div class=\"wpb_text_column wpb_content_element\">\n\t\t<div class=\"wpb_wrapper\">\n\t\t\t<h2><span style=\"color: #ffffff;\">Whether you are an executive looking for new opportunities or a company looking for new talent, contact us.<\/span><\/h2>\n\n\t\t<\/div> \n\t<\/div> <\/div><\/div><\/div><div class=\"wpb_column vc_column_container vc_col-sm-2\"><div class=\"vc_column-inner\"><div class=\"wpb_wrapper\"><a  itemprop=\"url\" href=\"https:\/\/beexecutive.com.br\/en\/envie-seu-cv\/\" target=\"_self\" data-hover-background-color='#930002'  class=\"qbutton  medium center default\" style=\"background-color: #931b1d;\">CLICK HERE<\/a><\/div><\/div><\/div><\/div><\/div><\/div>","protected":false},"excerpt":{"rendered":"MAPEAMENTO DE MERCADO O ambiente corporativo e os neg\u00f3cios est\u00e3o cada vez mais din\u00e2micos e competitivos, inovando e se transformando a todo instante. Neste momento, uma estrat\u00e9gia anal\u00edtica e sustent\u00e1vel \u00e9, sem d\u00favida, uma ferramenta poderosa para ganhar escala e...","protected":false},"author":1,"featured_media":0,"parent":0,"menu_order":0,"comment_status":"open","ping_status":"open","template":"full_width.php","meta":{"footnotes":""},"class_list":["post-16368","page","type-page","status-publish","hentry"],"_links":{"self":[{"href":"https:\/\/beexecutive.com.br\/en\/wp-json\/wp\/v2\/pages\/16368","targetHints":{"allow":["GET"]}}],"collection":[{"href":"https:\/\/beexecutive.com.br\/en\/wp-json\/wp\/v2\/pages"}],"about":[{"href":"https:\/\/beexecutive.com.br\/en\/wp-json\/wp\/v2\/types\/page"}],"author":[{"embeddable":true,"href":"https:\/\/beexecutive.com.br\/en\/wp-json\/wp\/v2\/users\/1"}],"replies":[{"embeddable":true,"href":"https:\/\/beexecutive.com.br\/en\/wp-json\/wp\/v2\/comments?post=16368"}],"version-history":[{"count":18,"href":"https:\/\/beexecutive.com.br\/en\/wp-json\/wp\/v2\/pages\/16368\/revisions"}],"predecessor-version":[{"id":16740,"href":"https:\/\/beexecutive.com.br\/en\/wp-json\/wp\/v2\/pages\/16368\/revisions\/16740"}],"wp:attachment":[{"href":"https:\/\/beexecutive.com.br\/en\/wp-json\/wp\/v2\/media?parent=16368"}],"curies":[{"name":"wp","href":"https:\/\/api.w.org\/{rel}","templated":true}]}}