{"id":16367,"date":"2020-05-08T01:39:38","date_gmt":"2020-05-08T04:39:38","guid":{"rendered":"http:\/\/beexecutive.com.br\/?page_id=16367"},"modified":"2020-06-25T22:42:04","modified_gmt":"2020-06-26T01:42:04","slug":"aquisicao-de-talentos","status":"publish","type":"page","link":"https:\/\/beexecutive.com.br\/en\/aquisicao-de-talentos\/","title":{"rendered":"TALENT ACQUISITION"},"content":{"rendered":"<section   data-q_id=\"#portfolio\"    data-speed=\"1\" class=\"parallax_section_holder\" style = \" height:px; background-image:url('');\"><div class=\"parallax_content_full_width left\" ><div class='parallax_section_inner_margin clearfix'><div class=\"wpb_column vc_column_container vc_col-sm-12 vc_col-has-fill\"><div class=\"vc_column-inner vc_custom_1588568649608\"><div class=\"wpb_wrapper\"><div      class=\"vc_row wpb_row section vc_row-fluid vc_inner  grid_section\" style=' text-align:left;'><div class=\"section_inner clearfix\"><div class='section_inner_margin clearfix'><div class=\"wpb_column vc_column_container vc_col-sm-12\"><div class=\"vc_column-inner\"><div class=\"wpb_wrapper\"><div class=\"separator  transparent\" style=\"margin-top: 25px;margin-bottom: 18px;\"><\/div>\n\n\t<div class=\"wpb_text_column wpb_content_element\">\n\t\t<div class=\"wpb_wrapper\">\n\t\t\t<h1 style=\"text-align: center;\"><span style=\"color: #ffffff;\">PUTTING PEOPLE AT THE CORE OF OUR BUSINESS<\/span><\/h1>\n\n\t\t<\/div> \n\t<\/div> <div class=\"separator  small center\" style=\"margin-top: 20px;margin-bottom: 20px;background-color: #931b1d;width: 135px;\"><\/div>\n<\/div><\/div><\/div><\/div><\/div><\/div><div      class=\"vc_row wpb_row section vc_row-fluid vc_inner  grid_section\" style=' text-align:left;'><div class=\"section_inner clearfix\"><div class='section_inner_margin clearfix'><div class=\"wpb_column vc_column_container vc_col-sm-2\"><div class=\"vc_column-inner\"><div class=\"wpb_wrapper\"><\/div><\/div><\/div><div class=\"wpb_column vc_column_container vc_col-sm-8\"><div class=\"vc_column-inner\"><div class=\"wpb_wrapper\">\n\t<div class=\"wpb_text_column wpb_content_element\">\n\t\t<div class=\"wpb_wrapper\">\n\t\t\t<h3 style=\"color: #ffffff; font-size: 18px; line-height: 22px; text-align: center;\"><span style=\"color: #ffffff;\">Our track record of commitment, our assertiveness rate close to 100% of the projects we engage in and fast and effective delivery of solutions make us comfortable in employing a consistent methodology of success. <\/span><\/h3>\n\n\t\t<\/div> \n\t<\/div> <div class=\"separator  transparent\" style=\"margin-top: 45px;margin-bottom: 18px;\"><\/div>\n<\/div><\/div><\/div><div class=\"wpb_column vc_column_container vc_col-sm-2\"><div class=\"vc_column-inner\"><div class=\"wpb_wrapper\"><\/div><\/div><\/div><\/div><\/div><\/div><\/div><\/div><\/div><\/div><\/div><\/section><div      class=\"vc_row wpb_row section vc_row-fluid  vc_custom_1588738701718\" style=' text-align:left;'><div class=\"full_section_inner clearfix\"><div class=\"wpb_column vc_column_container vc_col-sm-12\"><div class=\"vc_column-inner\"><div class=\"wpb_wrapper\"><div      class=\"vc_row wpb_row section vc_row-fluid vc_inner  grid_section\" style=' text-align:left;'><div class=\"section_inner clearfix\"><div class='section_inner_margin clearfix'><div class=\"blocos-aquisicao wpb_column vc_column_container vc_col-sm-4 vc_col-has-fill\"><div class=\"vc_column-inner vc_custom_1588916128480\"><div class=\"wpb_wrapper\">\n\t<div class=\"wpb_text_column wpb_content_element\">\n\t\t<div class=\"wpb_wrapper\">\n\t\t\t<h1 style=\"text-align: center;\"><span style=\"color: #303030;\">EACH PARTNER IS UNIQUE<\/span><\/h1>\n\n\t\t<\/div> \n\t<\/div> <div class=\"separator  small left\" style=\"margin-top: 25px;margin-bottom: 20px;background-color: #ffffff;width: 100%;\"><\/div>\n\n\t<div class=\"wpb_text_column wpb_content_element\">\n\t\t<div class=\"wpb_wrapper\">\n\t\t\t<p style=\"color: #303030; font-size: 18px; margin-bottom: 15px; line-height: 1.2;\">Our investment starts from the\ncomplete understanding of our\nbusiness partner&#039;s challenge, the\ntechnical and behavioral profile sought\nfor each position added to the culture\nand specificities of each organization.<\/p>\n<p style=\"color: #303030; font-size: 18px; margin-bottom: 15px; line-height: 1.2;\">We combine an accurate, attentive, in-\ndepth look at each story with expertise\nin custom strategies.<\/p>\n\n\t\t<\/div> \n\t<\/div> <\/div><\/div><\/div><div class=\"blocos-aquisicao wpb_column vc_column_container vc_col-sm-4 vc_col-has-fill\"><div class=\"vc_column-inner vc_custom_1588916133256\"><div class=\"wpb_wrapper\">\n\t<div class=\"wpb_text_column wpb_content_element\">\n\t\t<div class=\"wpb_wrapper\">\n\t\t\t<h1 style=\"text-align: center;\"><span style=\"color: #303030;\">WE ARE COMMITTED TO YOUR SUCCESS<\/span><\/h1>\n\n\t\t<\/div> \n\t<\/div> <div class=\"separator  small left\" style=\"margin-top: 25px;margin-bottom: 20px;background-color: #ffffff;width: 100%;\"><\/div>\n\n\t<div class=\"wpb_text_column wpb_content_element\">\n\t\t<div class=\"wpb_wrapper\">\n\t\t\t<p style=\"color: #303030; font-size: 18px; margin-bottom: 15px; line-height: 1.2;\">Following the formal alignment of the project,\ndetailed analysis of competences and for the\nthat must be observed beyond the lines of\neach curriculum, we draw an action plan.<\/p>\n<p style=\"color: #303030; font-size: 18px; margin-bottom: 15px; line-height: 1.2;\">By delving deep into active hunting and execution in order to find the most qualified candidate and ensure agility in identifying gaps, confidentiality and security throughout the cycle.<\/p>\n\n\t\t<\/div> \n\t<\/div> <\/div><\/div><\/div><div class=\"blocos-aquisicao wpb_column vc_column_container vc_col-sm-4 vc_col-has-fill\"><div class=\"vc_column-inner vc_custom_1588916137640\"><div class=\"wpb_wrapper\">\n\t<div class=\"wpb_text_column wpb_content_element\">\n\t\t<div class=\"wpb_wrapper\">\n\t\t\t<h1 style=\"text-align: center;\"><span style=\"color: #303030;\">WE DELIVER RESULTS THAT MATTER<\/span><\/h1>\n\n\t\t<\/div> \n\t<\/div> <div class=\"separator  small left\" style=\"margin-top: 25px;margin-bottom: 20px;background-color: #ffffff;width: 100%;\"><\/div>\n\n\t<div class=\"wpb_text_column wpb_content_element\">\n\t\t<div class=\"wpb_wrapper\">\n\t\t\t<p style=\"color: #303030; font-size: 18px; margin-bottom: 15px; line-height: 1.2;\">During the phases of the process, we\nmaintain open and frequent communication\nwith our partners and applicants to keep them\naligned on expectations, comfortable and up to date with the conduct of the project.<\/p>\n<p style=\"color: #303030; font-size: 18px; margin-bottom: 15px; line-height: 1.2;\">In conclusion, we present a comparative\nreport with valuable information that\npromotes the ideal and comfortable\nenvironment for decision making.<\/p>\n\n\t\t<\/div> \n\t<\/div> <\/div><\/div><\/div><\/div><\/div><\/div><\/div><\/div><\/div><\/div><\/div><div      class=\"vc_row wpb_row section vc_row-fluid  vc_custom_1588916714138\" style='background-color:#f8f8f8; text-align:left;'><div class=\"full_section_inner clearfix\"><div class=\"wpb_column vc_column_container vc_col-sm-12\"><div class=\"vc_column-inner\"><div class=\"wpb_wrapper\"><div      class=\"vc_row wpb_row section vc_row-fluid vc_inner\" style=' padding-top:0px; padding-bottom:0px; text-align:center;'><div class=\"full_section_inner clearfix\" style='padding: 0% 0%'><div class=\"wpb_column vc_column_container vc_col-sm-12\"><div class=\"vc_column-inner\"><div class=\"wpb_wrapper\">\n\t<div class=\"wpb_single_image wpb_content_element vc_align_center\">\n\t\t<div class=\"wpb_wrapper\">\n\t\t\t\n\t\t\t<div class=\"vc_single_image-wrapper   vc_box_border_grey\"><img loading=\"lazy\" decoding=\"async\" width=\"1903\" height=\"302\" src=\"https:\/\/beexecutive.com.br\/wp-content\/uploads\/2020\/05\/foto-inferior.jpg\" class=\"vc_single_image-img attachment-full\" alt=\"\" srcset=\"https:\/\/beexecutive.com.br\/wp-content\/uploads\/2020\/05\/foto-inferior.jpg 1903w, https:\/\/beexecutive.com.br\/wp-content\/uploads\/2020\/05\/foto-inferior-300x48.jpg 300w, https:\/\/beexecutive.com.br\/wp-content\/uploads\/2020\/05\/foto-inferior-1024x163.jpg 1024w, https:\/\/beexecutive.com.br\/wp-content\/uploads\/2020\/05\/foto-inferior-768x122.jpg 768w, https:\/\/beexecutive.com.br\/wp-content\/uploads\/2020\/05\/foto-inferior-1536x244.jpg 1536w, https:\/\/beexecutive.com.br\/wp-content\/uploads\/2020\/05\/foto-inferior-700x111.jpg 700w\" sizes=\"auto, (max-width: 1903px) 100vw, 1903px\" \/><\/div>\n\t\t<\/div>\n\t<\/div>\n<\/div><\/div><\/div><\/div><\/div><\/div><\/div><\/div><\/div><\/div><div      class=\"vc_row wpb_row section vc_row-fluid  vc_custom_1588738724511\" style=' text-align:left;'><div class=\"full_section_inner clearfix\"><div class=\"wpb_column vc_column_container vc_col-sm-12\"><div class=\"vc_column-inner\"><div class=\"wpb_wrapper\"><div      class=\"vc_row wpb_row section vc_row-fluid vc_inner  grid_section\" style=' text-align:left;'><div class=\"section_inner clearfix\"><div class='section_inner_margin clearfix'><div class=\"wpb_column vc_column_container vc_col-sm-12\"><div class=\"vc_column-inner\"><div class=\"wpb_wrapper\">\n\t<div class=\"wpb_text_column wpb_content_element\">\n\t\t<div class=\"wpb_wrapper\">\n\t\t\t<p style=\"color: #303030; font-size: 18px; margin-bottom: 15px; line-height: 1.2; text-align: center; font-weight: 300;\">Reinforcing our commitment to business ethics, we at <strong>Bullseye Executive Search<\/strong> will not approach a potential candidate for a position opening while he is an employee of one of our current clients or has been placed by us in that role.<\/p>\n<p style=\"color: #303030; font-size: 18px; margin-bottom: 15px; line-height: 1.2; text-align: center; font-weight: 300;\">And if the candidate selected for a project does not meet your expectations within the 90-day period (counted from the start of the candidate in the company), we guarantee replacement and the process can be redone - provided it is considered the same position and same salary range - at no additional cost.<\/p>\n\n\t\t<\/div> \n\t<\/div> <\/div><\/div><\/div><\/div><\/div><\/div><\/div><\/div><\/div><\/div><\/div><div      class=\"vc_row wpb_row section vc_row-fluid  faixa-azul vc_custom_1593135716948 grid_section\" style='background-color:#212631; border-bottom: 1px solid #eeeeee; text-align:left;'><div class=\"section_inner clearfix\"><div class='section_inner_margin clearfix'><div class=\"wpb_column vc_column_container vc_col-sm-10\"><div class=\"vc_column-inner\"><div class=\"wpb_wrapper\">\n\t<div class=\"wpb_text_column wpb_content_element\">\n\t\t<div class=\"wpb_wrapper\">\n\t\t\t<h2><span style=\"color: #ffffff;\">Whether you are an executive looking for new opportunities or a company looking for new talent, contact us.<\/span><\/h2>\n\n\t\t<\/div> \n\t<\/div> <\/div><\/div><\/div><div class=\"wpb_column vc_column_container vc_col-sm-2\"><div class=\"vc_column-inner\"><div class=\"wpb_wrapper\"><a  itemprop=\"url\" href=\"https:\/\/beexecutive.com.br\/en\/envie-seu-cv\/\" target=\"_self\" data-hover-background-color='#930002'  class=\"qbutton  medium center default\" style=\"background-color: #931b1d;\">CLICK HERE<\/a><\/div><\/div><\/div><\/div><\/div><\/div>","protected":false},"excerpt":{"rendered":"PESSOAS S\u00c3O O CENTRO DO NOSSO NEG\u00d3CIO Nosso hist\u00f3rico de comprometimento, nosso \u00edndice de assertividade pr\u00f3ximo aos 100% dos projetos em que nos envolvemos e um delivery \u00e1gil e efetivo de solu\u00e7\u00f5es nos deixa confort\u00e1veis em empregar uma metodologia consistente...","protected":false},"author":1,"featured_media":0,"parent":0,"menu_order":0,"comment_status":"open","ping_status":"open","template":"full_width.php","meta":{"footnotes":""},"class_list":["post-16367","page","type-page","status-publish","hentry"],"_links":{"self":[{"href":"https:\/\/beexecutive.com.br\/en\/wp-json\/wp\/v2\/pages\/16367","targetHints":{"allow":["GET"]}}],"collection":[{"href":"https:\/\/beexecutive.com.br\/en\/wp-json\/wp\/v2\/pages"}],"about":[{"href":"https:\/\/beexecutive.com.br\/en\/wp-json\/wp\/v2\/types\/page"}],"author":[{"embeddable":true,"href":"https:\/\/beexecutive.com.br\/en\/wp-json\/wp\/v2\/users\/1"}],"replies":[{"embeddable":true,"href":"https:\/\/beexecutive.com.br\/en\/wp-json\/wp\/v2\/comments?post=16367"}],"version-history":[{"count":23,"href":"https:\/\/beexecutive.com.br\/en\/wp-json\/wp\/v2\/pages\/16367\/revisions"}],"predecessor-version":[{"id":16741,"href":"https:\/\/beexecutive.com.br\/en\/wp-json\/wp\/v2\/pages\/16367\/revisions\/16741"}],"wp:attachment":[{"href":"https:\/\/beexecutive.com.br\/en\/wp-json\/wp\/v2\/media?parent=16367"}],"curies":[{"name":"wp","href":"https:\/\/api.w.org\/{rel}","templated":true}]}}