{"id":16342,"date":"2020-05-08T00:38:06","date_gmt":"2020-05-08T03:38:06","guid":{"rendered":"http:\/\/beexecutive.com.br\/?page_id=16342"},"modified":"2023-05-17T14:15:57","modified_gmt":"2023-05-17T17:15:57","slug":"a-equipe","status":"publish","type":"page","link":"https:\/\/beexecutive.com.br\/en\/a-equipe\/","title":{"rendered":"OUR TEAM"},"content":{"rendered":"<div      class=\"vc_row wpb_row section vc_row-fluid  vc_custom_1588738710449\" style='background-color:#f8f8f8; text-align:left;'><div class=\"full_section_inner clearfix\"><div class=\"wpb_column vc_column_container vc_col-sm-12\"><div class=\"vc_column-inner\"><div class=\"wpb_wrapper\"><div      class=\"vc_row wpb_row section vc_row-fluid vc_inner  grid_section\" style=' text-align:left;'><div class=\"section_inner clearfix\"><div class='section_inner_margin clearfix'><div class=\"wpb_column vc_column_container vc_col-sm-6\"><div class=\"vc_column-inner\"><div class=\"wpb_wrapper\">\n\t<div class=\"wpb_text_column wpb_content_element\">\n\t\t<div class=\"wpb_wrapper\">\n\t\t\t<h1><span style=\"color: #303030;\">JORGE MARTINS<\/span><\/h1>\n\n\t\t<\/div> \n\t<\/div> <div class=\"separator  small left\" style=\"margin-top: 10px;margin-bottom: 10px;background-color: #931b1d;width: 90px;\"><\/div>\n\n\t<div class=\"wpb_text_column wpb_content_element\">\n\t\t<div class=\"wpb_wrapper\">\n\t\t\t<p style=\"color: #303030; font-size: 18px; margin-bottom: 15px;\">Partner<\/p>\n\n\t\t<\/div> \n\t<\/div> <div class=\"separator  transparent\" style=\"margin-bottom: 5px;\"><\/div>\n\n\t<div class=\"wpb_text_column wpb_content_element\">\n\t\t<div class=\"wpb_wrapper\">\n\t\t\t<h3 style=\"color: #303030; margin-bottom: 15px;\">Graduated in Business Administration and MBA in Marketing. Jorge has worked for 2 years as a consultant at Sebrae, advising small and medium-sized companies in the areas of process, quality and marketing. He also worked for nearly 5 years at IBM (Brazil and New York) in sales and finance at the company's international center of excellence. Since 2008 Jorge has been working in the Recruitment and selection of consultancy area for sales, marketing, finance, accounting, tax, HR, legal and operations.<\/h3>\n\n\t\t<\/div> \n\t<\/div> <div class=\"separator  transparent\" style=\"margin-top: 5px;margin-bottom: 5px;\"><\/div>\n<div class=\"q_icon_list\"><i class=\"qode_icon_font_awesome fa fa-phone qode-ili-icon-holder transparent\" style=\"font-size: 20px;color: #931b1d;\" ><\/i><p style=\"color:#818181;font-size: 14px;margin-bottom: 2px;\">(21) 97343-2002<\/p><\/div><span class='q_social_icon_holder normal_social' data-color=\"#931b1d\" ><a itemprop='url' href='mailto:jorge.martins@beexecutive.com.br' target='_blank'><i class=\"qode_icon_font_awesome fa fa-envelope fa-lg simple_social\" style=\"color: #931b1d;\" ><\/i><\/a><\/span><span class='q_social_icon_holder normal_social' data-color=\"#931b1d\" ><a itemprop='url' href='https:\/\/www.linkedin.com\/in\/jorge-martins-bullseye\/' target='_blank'><i class=\"qode_icon_font_awesome fa fa-linkedin fa-lg simple_social\" style=\"color: #931b1d;\" ><\/i><\/a><\/span><\/div><\/div><\/div><div class=\"wpb_column vc_column_container vc_col-sm-6\"><div class=\"vc_column-inner\"><div class=\"wpb_wrapper\">\n\t<div class=\"wpb_single_image wpb_content_element vc_align_left\">\n\t\t<div class=\"wpb_wrapper\">\n\t\t\t\n\t\t\t<div class=\"vc_single_image-wrapper   vc_box_border_grey\"><img loading=\"lazy\" decoding=\"async\" width=\"535\" height=\"276\" src=\"https:\/\/beexecutive.com.br\/wp-content\/uploads\/2020\/05\/jorge-1.jpg\" class=\"vc_single_image-img attachment-full\" alt=\"\" srcset=\"https:\/\/beexecutive.com.br\/wp-content\/uploads\/2020\/05\/jorge-1.jpg 535w, https:\/\/beexecutive.com.br\/wp-content\/uploads\/2020\/05\/jorge-1-300x155.jpg 300w\" sizes=\"auto, (max-width: 535px) 100vw, 535px\" \/><\/div>\n\t\t<\/div>\n\t<\/div>\n<\/div><\/div><\/div><\/div><\/div><\/div><\/div><\/div><\/div><\/div><\/div><div      class=\"vc_row wpb_row section vc_row-fluid  vc_custom_1588738701718\" style=' text-align:left;'><div class=\"full_section_inner clearfix\"><div class=\"wpb_column vc_column_container vc_col-sm-12\"><div class=\"vc_column-inner\"><div class=\"wpb_wrapper\"><div      class=\"vc_row wpb_row section vc_row-fluid vc_inner  grid_section\" style=' text-align:left;'><div class=\"section_inner clearfix\"><div class='section_inner_margin clearfix'><div class=\"wpb_column vc_column_container vc_col-sm-6\"><div class=\"vc_column-inner\"><div class=\"wpb_wrapper\">\n\t<div class=\"wpb_single_image wpb_content_element vc_align_left\">\n\t\t<div class=\"wpb_wrapper\">\n\t\t\t\n\t\t\t<div class=\"vc_single_image-wrapper   vc_box_border_grey\"><img loading=\"lazy\" decoding=\"async\" width=\"535\" height=\"276\" src=\"https:\/\/beexecutive.com.br\/wp-content\/uploads\/2021\/03\/logo.jpg\" class=\"vc_single_image-img attachment-full\" alt=\"\" srcset=\"https:\/\/beexecutive.com.br\/wp-content\/uploads\/2021\/03\/logo.jpg 535w, https:\/\/beexecutive.com.br\/wp-content\/uploads\/2021\/03\/logo-300x155.jpg 300w, https:\/\/beexecutive.com.br\/wp-content\/uploads\/2021\/03\/logo-16x8.jpg 16w\" sizes=\"auto, (max-width: 535px) 100vw, 535px\" \/><\/div>\n\t\t<\/div>\n\t<\/div>\n<\/div><\/div><\/div><div class=\"wpb_column vc_column_container vc_col-sm-6\"><div class=\"vc_column-inner\"><div class=\"wpb_wrapper\">\n\t<div class=\"wpb_text_column wpb_content_element\">\n\t\t<div class=\"wpb_wrapper\">\n\t\t\t<h1><span style=\"color: #303030;\">LEONARDO SAMPAIO<\/span><\/h1>\n\n\t\t<\/div> \n\t<\/div> <div class=\"separator  small left\" style=\"margin-top: 10px;margin-bottom: 10px;background-color: #931b1d;width: 90px;\"><\/div>\n\n\t<div class=\"wpb_text_column wpb_content_element\">\n\t\t<div class=\"wpb_wrapper\">\n\t\t\t<p style=\"color: #303030; font-size: 18px; margin-bottom: 15px;\">Partner<\/p>\n\n\t\t<\/div> \n\t<\/div> <div class=\"separator  transparent\" style=\"margin-bottom: 5px;\"><\/div>\n\n\t<div class=\"wpb_text_column wpb_content_element\">\n\t\t<div class=\"wpb_wrapper\">\n\t\t\t<h3 style=\"color: #303030; margin-bottom: 15px;\">Graduated in Accounting. Leonardo has worked for 2 years in a Brazilian company in the electricity sector with accounting, tax planning and reporting. Also worked 4 years with tax, immigration and labor consultancy in Big Four focusing on the Oil &amp; Gas market. Since 2012, Leonardo has been working in the recruitment &amp; selection of professionals for the engineering, operations, naval &amp; offshore, procurement, IT \u00e1reas, telecom and sales.<\/h3>\n\n\t\t<\/div> \n\t<\/div> <div class=\"q_icon_list\"><i class=\"qode_icon_font_awesome fa fa-phone qode-ili-icon-holder transparent\" style=\"font-size: 20px;color: #931b1d;\" ><\/i><p style=\"color:#818181;font-size: 14px;margin-bottom: 2px;\">(21) 9 9539-5673<\/p><\/div><span class='q_social_icon_holder normal_social' data-color=\"#931b1d\" ><a itemprop='url' href='mailto:leonardo.sampaio@beexecutive.com.br' target='_blank'><i class=\"qode_icon_font_awesome fa fa-envelope fa-lg simple_social\" style=\"color: #931b1d;\" ><\/i><\/a><\/span><span class='q_social_icon_holder normal_social' data-color=\"#931b1d\" ><i class=\"qode_icon_font_awesome fa fa-linkedin fa-lg simple_social\" style=\"color: #931b1d;\" ><\/i><\/span><\/div><\/div><\/div><\/div><\/div><\/div><\/div><\/div><\/div><\/div><\/div><div      class=\"vc_row wpb_row section vc_row-fluid  vc_custom_1588738710449\" style='background-color:#f8f8f8; text-align:left;'><div class=\"full_section_inner clearfix\"><div class=\"wpb_column vc_column_container vc_col-sm-12\"><div class=\"vc_column-inner\"><div class=\"wpb_wrapper\"><div      class=\"vc_row wpb_row section vc_row-fluid vc_inner  grid_section\" style=' text-align:left;'><div class=\"section_inner clearfix\"><div class='section_inner_margin clearfix'><div class=\"wpb_column vc_column_container vc_col-sm-6\"><div class=\"vc_column-inner\"><div class=\"wpb_wrapper\">\n\t<div class=\"wpb_text_column wpb_content_element\">\n\t\t<div class=\"wpb_wrapper\">\n\t\t\t<h1><span style=\"color: #303030;\">ISABELLE TEIXEIRA<\/span><\/h1>\n\n\t\t<\/div> \n\t<\/div> <div class=\"separator  small left\" style=\"margin-top: 10px;margin-bottom: 10px;background-color: #931b1d;width: 90px;\"><\/div>\n\n\t<div class=\"wpb_text_column wpb_content_element\">\n\t\t<div class=\"wpb_wrapper\">\n\t\t\t<p style=\"color: #303030; font-size: 18px; margin-bottom: 15px;\">Associate Director<\/p>\n\n\t\t<\/div> \n\t<\/div> <div class=\"separator  transparent\" style=\"margin-bottom: 5px;\"><\/div>\n\n\t<div class=\"wpb_text_column wpb_content_element\">\n\t\t<div class=\"wpb_wrapper\">\n\t\t\t<h3 style=\"color: #303030; margin-bottom: 15px;\">Graduated in Social Communication with MBA in Marketing, Isabelle has served for 8 years in a multinational beverage industry and for 14 years as director of marketing in the services and luxury sector for several countries in Latin America. Expertise in the areas of communication, marketing, sales, public relations, consumer goods, service, customer relations and digital.<\/h3>\n\n\t\t<\/div> \n\t<\/div> <div class=\"q_icon_list\"><i class=\"qode_icon_font_awesome fa fa-phone qode-ili-icon-holder transparent\" style=\"font-size: 20px;color: #931b1d;\" ><\/i><p style=\"color:#818181;font-size: 14px;margin-bottom: 2px;\">(21) 99474-9324<\/p><\/div><span class='q_social_icon_holder normal_social' data-color=\"#931b1d\" ><a itemprop='url' href='mailto:isabelle.teixeira@beexecutive.com.br' target='_blank'><i class=\"qode_icon_font_awesome fa fa-envelope fa-lg simple_social\" style=\"color: #931b1d;\" ><\/i><\/a><\/span><span class='q_social_icon_holder normal_social' data-color=\"#931b1d\" ><a itemprop='url' href='https:\/\/www.linkedin.com\/in\/isabelle-teixeira\/' target='_blank'><i class=\"qode_icon_font_awesome fa fa-linkedin fa-lg simple_social\" style=\"color: #931b1d;\" ><\/i><\/a><\/span><\/div><\/div><\/div><div class=\"wpb_column vc_column_container vc_col-sm-6\"><div class=\"vc_column-inner\"><div class=\"wpb_wrapper\">\n\t<div class=\"wpb_single_image wpb_content_element vc_align_left\">\n\t\t<div class=\"wpb_wrapper\">\n\t\t\t\n\t\t\t<div class=\"vc_single_image-wrapper   vc_box_border_grey\"><img loading=\"lazy\" decoding=\"async\" width=\"535\" height=\"300\" src=\"https:\/\/beexecutive.com.br\/wp-content\/uploads\/2023\/05\/isabelle.jpg\" class=\"vc_single_image-img attachment-full\" alt=\"isabelle-teixeira\" srcset=\"https:\/\/beexecutive.com.br\/wp-content\/uploads\/2023\/05\/isabelle.jpg 535w, https:\/\/beexecutive.com.br\/wp-content\/uploads\/2023\/05\/isabelle-300x168.jpg 300w, https:\/\/beexecutive.com.br\/wp-content\/uploads\/2023\/05\/isabelle-18x10.jpg 18w\" sizes=\"auto, (max-width: 535px) 100vw, 535px\" \/><\/div>\n\t\t<\/div>\n\t<\/div>\n<\/div><\/div><\/div><\/div><\/div><\/div><\/div><\/div><\/div><\/div><\/div><div      class=\"vc_row wpb_row section vc_row-fluid\" style=' text-align:left;'><div class=\"full_section_inner clearfix\"><div class=\"wpb_column vc_column_container vc_col-sm-12\"><div class=\"vc_column-inner\"><div class=\"wpb_wrapper\"><div      class=\"vc_row wpb_row section vc_row-fluid vc_inner  faixa-azul vc_custom_1590720896079 grid_section\" style='background-color:#212631; text-align:left;'><div class=\"section_inner clearfix\"><div class='section_inner_margin clearfix'><div class=\"wpb_column vc_column_container vc_col-sm-10\"><div class=\"vc_column-inner\"><div class=\"wpb_wrapper\">\n\t<div class=\"wpb_text_column wpb_content_element\">\n\t\t<div class=\"wpb_wrapper\">\n\t\t\t<h2><span style=\"color: #ffffff;\">Whether you are an executive looking for new opportunities or a company looking for new talent, contact us.<\/span><\/h2>\n\n\t\t<\/div> \n\t<\/div> <\/div><\/div><\/div><div class=\"wpb_column vc_column_container vc_col-sm-2\"><div class=\"vc_column-inner\"><div class=\"wpb_wrapper\"><a  itemprop=\"url\" href=\"https:\/\/beexecutive.com.br\/en\/envie-seu-cv\/\" target=\"_self\" data-hover-background-color='#930002'  class=\"qbutton  medium center default\" style=\"background-color: #931b1d;\">CLICK HERE<\/a><\/div><\/div><\/div><\/div><\/div><\/div><\/div><\/div><\/div><\/div><\/div>","protected":false},"excerpt":{"rendered":"JORGE MARTINS Partner Formado em Administra\u00e7\u00e3o e com MBA em Marketing. Atuou por 2 anos como consultor do Sebrae prestando consultoria para empresas de pequeno e m\u00e9dio porte nas \u00e1reas de processos, qualidade e marketing. Trabalhou tamb\u00e9m por quase 5...","protected":false},"author":1,"featured_media":0,"parent":0,"menu_order":0,"comment_status":"open","ping_status":"open","template":"full_width.php","meta":{"footnotes":""},"class_list":["post-16342","page","type-page","status-publish","hentry"],"_links":{"self":[{"href":"https:\/\/beexecutive.com.br\/en\/wp-json\/wp\/v2\/pages\/16342","targetHints":{"allow":["GET"]}}],"collection":[{"href":"https:\/\/beexecutive.com.br\/en\/wp-json\/wp\/v2\/pages"}],"about":[{"href":"https:\/\/beexecutive.com.br\/en\/wp-json\/wp\/v2\/types\/page"}],"author":[{"embeddable":true,"href":"https:\/\/beexecutive.com.br\/en\/wp-json\/wp\/v2\/users\/1"}],"replies":[{"embeddable":true,"href":"https:\/\/beexecutive.com.br\/en\/wp-json\/wp\/v2\/comments?post=16342"}],"version-history":[{"count":47,"href":"https:\/\/beexecutive.com.br\/en\/wp-json\/wp\/v2\/pages\/16342\/revisions"}],"predecessor-version":[{"id":16903,"href":"https:\/\/beexecutive.com.br\/en\/wp-json\/wp\/v2\/pages\/16342\/revisions\/16903"}],"wp:attachment":[{"href":"https:\/\/beexecutive.com.br\/en\/wp-json\/wp\/v2\/media?parent=16342"}],"curies":[{"name":"wp","href":"https:\/\/api.w.org\/{rel}","templated":true}]}}