{"id":16330,"date":"2020-05-06T01:30:20","date_gmt":"2020-05-06T04:30:20","guid":{"rendered":"http:\/\/beexecutive.com.br\/?page_id=16330"},"modified":"2020-06-25T21:54:47","modified_gmt":"2020-06-26T00:54:47","slug":"o-que-fazemos","status":"publish","type":"page","link":"https:\/\/beexecutive.com.br\/en\/o-que-fazemos\/","title":{"rendered":"WHAT WE DO"},"content":{"rendered":"<section   data-q_id=\"#portfolio\"    data-speed=\"1\" class=\"parallax_section_holder\" style = \" height:px; background-image:url('');\"><div class=\"parallax_content_full_width left\" ><div class='parallax_section_inner_margin clearfix'><div class=\"wpb_column vc_column_container vc_col-sm-12 vc_col-has-fill\"><div class=\"vc_column-inner vc_custom_1588568649608\"><div class=\"wpb_wrapper\"><div      class=\"vc_row wpb_row section vc_row-fluid vc_inner  grid_section\" style=' text-align:left;'><div class=\"section_inner clearfix\"><div class='section_inner_margin clearfix'><div class=\"wpb_column vc_column_container vc_col-sm-12\"><div class=\"vc_column-inner\"><div class=\"wpb_wrapper\"><div class=\"separator  transparent\" style=\"margin-top: 25px;margin-bottom: 18px;\"><\/div>\n\n\t<div class=\"wpb_text_column wpb_content_element\">\n\t\t<div class=\"wpb_wrapper\">\n\t\t\t<h1 style=\"text-align: center;\"><span style=\"color: #ffffff;\">GIVING YOU A COMPETITIVE ADVANTAGE IN THE NEW WORLD OF WORLD<\/span><\/h1>\n\n\t\t<\/div> \n\t<\/div> <div class=\"separator  small center\" style=\"margin-top: 20px;margin-bottom: 20px;background-color: #931b1d;width: 135px;\"><\/div>\n\n\t<div class=\"wpb_text_column wpb_content_element\">\n\t\t<div class=\"wpb_wrapper\">\n\t\t\t<h3 style=\"color: #ffffff; line-height: 22px; text-align: center;\">A business environment full of uncertainties, risks, different motivations and rapid<br \/>\ntransformations requires knowledge, commitment and responsibility.<\/h3>\n\n\t\t<\/div> \n\t<\/div> <div class=\"separator  transparent\" style=\"margin-top: 45px;margin-bottom: 18px;\"><\/div>\n<\/div><\/div><\/div><\/div><\/div><\/div><\/div><\/div><\/div><\/div><\/div><\/section><div      class=\"vc_row wpb_row section vc_row-fluid  vc_custom_1588738701718\" style=' text-align:left;'><div class=\"full_section_inner clearfix\"><div class=\"wpb_column vc_column_container vc_col-sm-12\"><div class=\"vc_column-inner\"><div class=\"wpb_wrapper\"><div      class=\"vc_row wpb_row section vc_row-fluid vc_inner  grid_section\" style=' text-align:left;'><div class=\"section_inner clearfix\"><div class='section_inner_margin clearfix'><div class=\"wpb_column vc_column_container vc_col-sm-6\"><div class=\"vc_column-inner\"><div class=\"wpb_wrapper\">\n\t<div class=\"wpb_single_image wpb_content_element vc_align_left\">\n\t\t<div class=\"wpb_wrapper\">\n\t\t\t\n\t\t\t<div class=\"vc_single_image-wrapper   vc_box_border_grey\"><img loading=\"lazy\" decoding=\"async\" width=\"535\" height=\"276\" src=\"https:\/\/beexecutive.com.br\/wp-content\/uploads\/2020\/05\/foto1.jpg\" class=\"vc_single_image-img attachment-full\" alt=\"\" srcset=\"https:\/\/beexecutive.com.br\/wp-content\/uploads\/2020\/05\/foto1.jpg 535w, https:\/\/beexecutive.com.br\/wp-content\/uploads\/2020\/05\/foto1-300x155.jpg 300w\" sizes=\"auto, (max-width: 535px) 100vw, 535px\" \/><\/div>\n\t\t<\/div>\n\t<\/div>\n<\/div><\/div><\/div><div class=\"wpb_column vc_column_container vc_col-sm-6\"><div class=\"vc_column-inner\"><div class=\"wpb_wrapper\">\n\t<div class=\"wpb_text_column wpb_content_element\">\n\t\t<div class=\"wpb_wrapper\">\n\t\t\t<h3 style=\"color: #303030; margin-bottom: 15px;\"><strong>We serve as \u201cambassadors\u201d<\/strong> for our clients by representing them with integrity, confidentiality, ethics and excellence in the marketplace.<\/h3>\n<h3 style=\"color: #303030; margin-bottom: 15px;\"><strong>We nurture relationships<\/strong> by building long-term partnerships and deep understanding of their needs to Develop Product custom solutions.<\/h3>\n<h3 style=\"color: #303030; margin-bottom: 15px;\"><strong>That's why we put ourselves wholly<\/strong> at the forefront of every talent selection project we conduct.<\/h3>\n\n\t\t<\/div> \n\t<\/div> <\/div><\/div><\/div><\/div><\/div><\/div><\/div><\/div><\/div><\/div><\/div><div      class=\"vc_row wpb_row section vc_row-fluid  faixa-azul vc_custom_1593132885822 grid_section\" style='background-color:#212631; border-bottom: 1px solid #eeeeee; text-align:left;'><div class=\"section_inner clearfix\"><div class='section_inner_margin clearfix'><div class=\"wpb_column vc_column_container vc_col-sm-10\"><div class=\"vc_column-inner\"><div class=\"wpb_wrapper\">\n\t<div class=\"wpb_text_column wpb_content_element\">\n\t\t<div class=\"wpb_wrapper\">\n\t\t\t<h2><span style=\"color: #ffffff;\">Whether you are an executive looking for new opportunities or a company looking for new talent, contact us.<\/span><\/h2>\n\n\t\t<\/div> \n\t<\/div> <\/div><\/div><\/div><div class=\"wpb_column vc_column_container vc_col-sm-2\"><div class=\"vc_column-inner\"><div class=\"wpb_wrapper\"><a  itemprop=\"url\" href=\"#\" target=\"_self\" data-hover-background-color='#930002'  class=\"qbutton  medium center default\" style=\"background-color: #931b1d;\">CLICK HERE<\/a><\/div><\/div><\/div><\/div><\/div><\/div>","protected":false},"excerpt":{"rendered":"GERAMOS VANTAGEM COMPETITIVA NO MUNDO DO TRABALHO Um ambiente de neg\u00f3cios repleto de incertezas, riscos, diferentes motiva\u00e7\u00f5es e r\u00e1pidas transforma\u00e7\u00f5es exige conhecimento, comprometimento e responsabilidade. Servimos como \u201cembaixadores\u201d dos nossos clientes representando-os junto ao mercado com integridade, confidencialidade, \u00e9tica e...","protected":false},"author":1,"featured_media":0,"parent":0,"menu_order":0,"comment_status":"open","ping_status":"closed","template":"full_width.php","meta":{"footnotes":""},"class_list":["post-16330","page","type-page","status-publish","hentry"],"_links":{"self":[{"href":"https:\/\/beexecutive.com.br\/en\/wp-json\/wp\/v2\/pages\/16330","targetHints":{"allow":["GET"]}}],"collection":[{"href":"https:\/\/beexecutive.com.br\/en\/wp-json\/wp\/v2\/pages"}],"about":[{"href":"https:\/\/beexecutive.com.br\/en\/wp-json\/wp\/v2\/types\/page"}],"author":[{"embeddable":true,"href":"https:\/\/beexecutive.com.br\/en\/wp-json\/wp\/v2\/users\/1"}],"replies":[{"embeddable":true,"href":"https:\/\/beexecutive.com.br\/en\/wp-json\/wp\/v2\/comments?post=16330"}],"version-history":[{"count":10,"href":"https:\/\/beexecutive.com.br\/en\/wp-json\/wp\/v2\/pages\/16330\/revisions"}],"predecessor-version":[{"id":16736,"href":"https:\/\/beexecutive.com.br\/en\/wp-json\/wp\/v2\/pages\/16330\/revisions\/16736"}],"wp:attachment":[{"href":"https:\/\/beexecutive.com.br\/en\/wp-json\/wp\/v2\/media?parent=16330"}],"curies":[{"name":"wp","href":"https:\/\/api.w.org\/{rel}","templated":true}]}}